{"id":255,"date":"2019-02-18T20:53:14","date_gmt":"2019-02-18T19:53:14","guid":{"rendered":"https:\/\/daziano.fr\/?page_id=255"},"modified":"2019-02-19T14:07:49","modified_gmt":"2019-02-19T13:07:49","slug":"notre-engagement-environnement","status":"publish","type":"page","link":"https:\/\/daziano.fr\/?page_id=255","title":{"rendered":"Notre engagement pour l&#8217;environnement"},"content":{"rendered":"\n<figure class=\"wp-block-image\"><img decoding=\"async\" loading=\"lazy\" width=\"1000\" height=\"611\" src=\"https:\/\/daziano.fr\/wp-content\/uploads\/2019\/02\/Capture-d\u2019\u00e9cran-2019-02-11-\u00e0-14.40.56.png\" alt=\"\" class=\"wp-image-231\" srcset=\"https:\/\/daziano.fr\/wp-content\/uploads\/2019\/02\/Capture-d\u2019\u00e9cran-2019-02-11-\u00e0-14.40.56.png 1000w, https:\/\/daziano.fr\/wp-content\/uploads\/2019\/02\/Capture-d\u2019\u00e9cran-2019-02-11-\u00e0-14.40.56-300x183.png 300w, https:\/\/daziano.fr\/wp-content\/uploads\/2019\/02\/Capture-d\u2019\u00e9cran-2019-02-11-\u00e0-14.40.56-768x469.png 768w\" sizes=\"(max-width: 1000px) 100vw, 1000px\" \/><\/figure>\n\n\n\n<p>Nous sommes conscients que notre activit\u00e9 est \u00e9mettrice de pollution, c\u2019est pourquoi, nous nous sommes engag\u00e9s dans une d\u00e9marche de respect de l\u2019environnement.<\/p>\n\n\n\n<p>Nous renouvelons notre parc par des Tracteurs routier de derni\u00e8re g\u00e9n\u00e9ration utilisant la technologie SCR pour r\u00e9pondre aux derni\u00e8res exigences en mati\u00e8re d\u2019\u00e9missions polluantes et ainsi r\u00e9pondre aux normes les plus draconiennes en mati\u00e8re d\u2019\u00e9cologie et de protection de l\u2019environnement.<\/p>\n\n\n\n<p>Nous sensibilisons et formons nos conducteurs \u00e0 des conduites rationnelles et ainsi diminuer leurs consommations.<\/p>\n\n\n\n<p>Nous travaillons sur notre logistique afin de supprimer les kilom\u00e8tres parasites qui sont source de consommation et de pollution inutile, et aussi proposer un tarif plus attractif.<\/p>\n\n\n\n<p>Toutes ces d\u00e9marches ont forcement un co\u00fbt a court terme, mais, il en va de notre avenir et de celui des g\u00e9n\u00e9rations futures.<\/p>\n\n\n\n<p>C\u2019est en unissant nos efforts et nos comp\u00e9tences que nous parviendrons ensemble a maitriser et pr\u00e9server notre avenir ainsi que notre climat.<\/p>\n\n\n\n<figure class=\"wp-block-image\"><img decoding=\"async\" loading=\"lazy\" width=\"1024\" height=\"267\" src=\"https:\/\/daziano.fr\/wp-content\/uploads\/2019\/02\/DSC0007bis-1-1024x267.jpg\" alt=\"\" class=\"wp-image-268\" srcset=\"https:\/\/daziano.fr\/wp-content\/uploads\/2019\/02\/DSC0007bis-1-1024x267.jpg 1024w, https:\/\/daziano.fr\/wp-content\/uploads\/2019\/02\/DSC0007bis-1-300x78.jpg 300w, https:\/\/daziano.fr\/wp-content\/uploads\/2019\/02\/DSC0007bis-1-768x200.jpg 768w, https:\/\/daziano.fr\/wp-content\/uploads\/2019\/02\/DSC0007bis-1.jpg 1797w\" sizes=\"(max-width: 1024px) 100vw, 1024px\" \/><\/figure>\n\n\n\n<div class=\"wp-block-image\"><figure class=\"aligncenter\"><img decoding=\"async\" loading=\"lazy\" width=\"894\" height=\"723\" src=\"https:\/\/daziano.fr\/wp-content\/uploads\/2019\/02\/Capture-d\u2019\u00e9cran-2019-02-18-\u00e0-19.11.32.png\" alt=\"\" class=\"wp-image-262\" srcset=\"https:\/\/daziano.fr\/wp-content\/uploads\/2019\/02\/Capture-d\u2019\u00e9cran-2019-02-18-\u00e0-19.11.32.png 894w, https:\/\/daziano.fr\/wp-content\/uploads\/2019\/02\/Capture-d\u2019\u00e9cran-2019-02-18-\u00e0-19.11.32-300x243.png 300w, https:\/\/daziano.fr\/wp-content\/uploads\/2019\/02\/Capture-d\u2019\u00e9cran-2019-02-18-\u00e0-19.11.32-768x621.png 768w\" sizes=\"(max-width: 894px) 100vw, 894px\" \/><\/figure><\/div>\n","protected":false},"excerpt":{"rendered":"<p>Nous sommes conscients que notre activit\u00e9 est \u00e9mettrice de pollution, c\u2019est pourquoi, nous nous sommes engag\u00e9s dans une d\u00e9marche de respect de l\u2019environnement. Nous renouvelons notre parc par des Tracteurs routier de derni\u00e8re g\u00e9n\u00e9ration utilisant la technologie SCR pour r\u00e9pondre aux derni\u00e8res exigences en mati\u00e8re d\u2019\u00e9missions polluantes et ainsi r\u00e9pondre aux normes les plus draconiennes [&hellip;]<\/p>\n","protected":false},"author":1,"featured_media":0,"parent":0,"menu_order":0,"comment_status":"closed","ping_status":"closed","template":"","meta":{"spay_email":""},"aioseo_notices":[],"jetpack_sharing_enabled":true,"jetpack_shortlink":"https:\/\/wp.me\/PaEk2u-47","_links":{"self":[{"href":"https:\/\/daziano.fr\/index.php?rest_route=\/wp\/v2\/pages\/255"}],"collection":[{"href":"https:\/\/daziano.fr\/index.php?rest_route=\/wp\/v2\/pages"}],"about":[{"href":"https:\/\/daziano.fr\/index.php?rest_route=\/wp\/v2\/types\/page"}],"author":[{"embeddable":true,"href":"https:\/\/daziano.fr\/index.php?rest_route=\/wp\/v2\/users\/1"}],"replies":[{"embeddable":true,"href":"https:\/\/daziano.fr\/index.php?rest_route=%2Fwp%2Fv2%2Fcomments&post=255"}],"version-history":[{"count":6,"href":"https:\/\/daziano.fr\/index.php?rest_route=\/wp\/v2\/pages\/255\/revisions"}],"predecessor-version":[{"id":300,"href":"https:\/\/daziano.fr\/index.php?rest_route=\/wp\/v2\/pages\/255\/revisions\/300"}],"wp:attachment":[{"href":"https:\/\/daziano.fr\/index.php?rest_route=%2Fwp%2Fv2%2Fmedia&parent=255"}],"curies":[{"name":"wp","href":"https:\/\/api.w.org\/{rel}","templated":true}]}}